{"id":1278,"date":"2024-09-21T01:17:37","date_gmt":"2024-09-21T01:17:37","guid":{"rendered":"https:\/\/innovapp.io\/maison\/"},"modified":"2025-07-04T13:14:27","modified_gmt":"2025-07-04T18:14:27","slug":"accueil","status":"publish","type":"page","link":"https:\/\/innovapp.io\/fr\/accueil\/","title":{"rendered":"Accueil"},"content":{"rendered":"\n<div class=\"wp-block-cover alignfull has-parallax\" style=\"min-height:646px;aspect-ratio:unset;\"><span aria-hidden=\"true\" class=\"wp-block-cover__background has-nv-dark-bg-background-color has-background-dim\"><\/span><div role=\"img\" aria-label=\"We modernize your tech stack\" class=\"wp-block-cover__image-background wp-image-930 has-parallax\" style=\"background-position:50% 50%;background-image:url(https:\/\/innovapp.io\/wp-content\/uploads\/2022\/03\/alex-knight-4pZ_YqcSFc-unsplash.jpg)\"><\/div><div class=\"wp-block-cover__inner-container is-layout-flow wp-block-cover-is-layout-flow\">\n<div style=\"height:80px\" aria-hidden=\"true\" class=\"wp-block-spacer\"><\/div>\n\n\n\n<h1 class=\"wp-block-heading has-text-align-center has-nv-site-bg-color has-text-color\">Nous modernisons votre pile technologique  <\/h1>\n\n\n\n<p class=\"has-text-align-center has-nv-site-bg-color has-text-color\" style=\"padding-top:0;padding-bottom:0\"><em>Nous cr\u00e9ons des solutions m\u00e9tiers composables, rapides, cloud natives et \u00e9volutives. Nous r\u00e9unissons la gestion de contenu, le marketing num\u00e9rique et le commerce en une seule exp\u00e9rience transparente. <\/em><\/p>\n\n\n\n<div class=\"wp-block-buttons is-horizontal is-content-justification-center is-layout-flex wp-container-core-buttons-is-layout-03627597 wp-block-buttons-is-layout-flex\">\n<div class=\"wp-block-button is-style-primary\"><a class=\"wp-block-button__link wp-element-button\" href=\"https:\/\/innovapp.io\/about\/\">APPRENDRE ENCORE PLUS<\/a><\/div>\n\n\n\n<div class=\"wp-block-button is-style-primary\"><a class=\"wp-block-button__link wp-element-button\" href=\"https:\/\/innovapp.io\/contact\/#contact-form\">ENGAGEZ-NOUS<\/a><\/div>\n<\/div>\n\n\n\n<div style=\"height:80px\" aria-hidden=\"true\" class=\"wp-block-spacer\"><\/div>\n<\/div><\/div>\n\n<div style=\"height:80px\" aria-hidden=\"true\" class=\"wp-block-spacer\"><\/div>\n\n<h2 class=\"wp-block-heading has-text-align-center\">Nous proposons un d\u00e9veloppement Web moderne de bout en bout pour les entreprises, les concepteurs et les agences soucieux de leur croissance.  <\/h2>\n\n<div style=\"height:30px\" aria-hidden=\"true\" class=\"wp-block-spacer\"><\/div>\n\n<div class=\"wp-block-columns is-layout-flex wp-container-core-columns-is-layout-28f84493 wp-block-columns-is-layout-flex\">\n<div class=\"wp-block-column is-layout-flow wp-block-column-is-layout-flow\">\n<h3 class=\"wp-block-heading has-text-align-center has-neve-text-color-color has-text-color\">NOUS \u00c9COUTONS<\/h3>\n\n\n\n<p class=\"has-text-align-center has-medium-font-size\">Nous pr\u00eatons attention au diagnostic d&rsquo;identification de toutes vos demandes. Ainsi, nous vous aidons \u00e0 d\u00e9couvrir de nouvelles opportunit\u00e9s de croissance. <\/p>\n\n\n\n<div style=\"height:20px\" aria-hidden=\"true\" class=\"wp-block-spacer\"><\/div>\n<\/div>\n\n\n\n<div class=\"wp-block-column is-layout-flow wp-block-column-is-layout-flow\">\n<h3 class=\"wp-block-heading has-text-align-center has-neve-text-color-color has-text-color\">NOUS COMPRENONS<\/h3>\n\n\n\n<p class=\"has-text-align-center has-medium-font-size\">Nous traduisons vos attentes en une solution sur mesure. Nous vous permettons de r\u00e9pondre \u00e0 vos aspirations et d\u2019obtenir le r\u00e9sultat souhait\u00e9. <\/p>\n<\/div>\n\n\n\n<div class=\"wp-block-column is-layout-flow wp-block-column-is-layout-flow\">\n<h3 class=\"wp-block-heading has-text-align-center has-neve-text-color-color has-text-color\">NOUS LIVRONS<\/h3>\n\n\n\n<p class=\"has-text-align-center has-medium-font-size\">Nous croyons qu&rsquo;il faut aller plus loin. Nous offrons \u00e0 nos clients une assistance continue et un soutien \u00e0 la croissance avec des r\u00e9sultats bas\u00e9s sur les donn\u00e9es.   <\/p>\n\n\n\n<div style=\"height:20px\" aria-hidden=\"true\" class=\"wp-block-spacer\"><\/div>\n<\/div>\n<\/div>\n\n<div style=\"height:60px\" aria-hidden=\"true\" class=\"wp-block-spacer\"><\/div>\n\n<div class=\"wp-block-cover alignfull\" style=\"min-height:600px;aspect-ratio:unset;\"><span aria-hidden=\"true\" class=\"wp-block-cover__background has-neve-text-color-background-color has-background-dim-100 has-background-dim\"><\/span><div class=\"wp-block-cover__inner-container is-layout-flow wp-block-cover-is-layout-flow\">\n<div class=\"wp-block-group is-layout-flow wp-block-group-is-layout-flow\">\n<div style=\"height:80px\" aria-hidden=\"true\" class=\"wp-block-spacer\"><\/div>\n\n\n\n<div class=\"wp-block-columns are-vertically-aligned-center is-layout-flex wp-container-core-columns-is-layout-28f84493 wp-block-columns-is-layout-flex\">\n<div class=\"wp-block-column is-vertically-aligned-center is-layout-flow wp-block-column-is-layout-flow\" style=\"flex-basis:50%\">\n<figure class=\"wp-block-image size-large is-resized\"><img decoding=\"async\" width=\"819\" height=\"1024\" src=\"https:\/\/innovapp.io\/wp-content\/uploads\/2024\/08\/planning-819x1024.png\" alt=\"Planification et strat&#xE9;gie\" class=\"wp-image-1215\" style=\"width:480px\" srcset=\"https:\/\/innovapp.io\/wp-content\/uploads\/2024\/08\/planning-819x1024.png 819w, https:\/\/innovapp.io\/wp-content\/uploads\/2024\/08\/planning-240x300.png 240w, https:\/\/innovapp.io\/wp-content\/uploads\/2024\/08\/planning-768x960.png 768w, https:\/\/innovapp.io\/wp-content\/uploads\/2024\/08\/planning-1229x1536.png 1229w, https:\/\/innovapp.io\/wp-content\/uploads\/2024\/08\/planning.png 1600w\" sizes=\"(max-width: 819px) 100vw, 819px\" \/><\/figure>\n<\/div>\n\n\n\n<div class=\"wp-block-column is-vertically-aligned-center is-layout-flow wp-block-column-is-layout-flow\" style=\"flex-basis:50%\">\n<div style=\"height:20px\" aria-hidden=\"true\" class=\"wp-block-spacer\"><\/div>\n\n\n\n<h2 class=\"wp-block-heading has-text-align-left has-nv-site-bg-color has-text-color\">Vision et planification strat\u00e9giques<\/h2>\n\n\n\n<p class=\"has-text-align-left has-nv-site-bg-color has-text-color\">Nous \u00e9coutons les commentaires de nos clients et prenons en compte leurs demandes pour le d\u00e9veloppement de la solution. Conna\u00eetre les exp\u00e9riences du client et le probl\u00e8me auquel il est confront\u00e9 est essentiel pour nous permettre de proposer un parcours d\u00e9taill\u00e9 et sp\u00e9cifique qui permettra de le r\u00e9soudre. <\/p>\n\n\n\n<div class=\"wp-block-buttons is-horizontal is-content-justification-left is-layout-flex wp-container-core-buttons-is-layout-20be11b6 wp-block-buttons-is-layout-flex\">\n<div class=\"wp-block-button is-style-primary\"><a class=\"wp-block-button__link wp-element-button\" href=\"https:\/\/innovapp.io\/services\/#strategic-planning\">APPRENDRE ENCORE PLUS<\/a><\/div>\n<\/div>\n<\/div>\n<\/div>\n\n\n\n<div style=\"height:40px\" aria-hidden=\"true\" class=\"wp-block-spacer\"><\/div>\n<\/div>\n<\/div><\/div>\n\n<div class=\"wp-block-cover alignfull\" style=\"min-height:600px;aspect-ratio:unset;\"><span aria-hidden=\"true\" class=\"wp-block-cover__background has-nv-light-bg-background-color has-background-dim-100 has-background-dim\"><\/span><div class=\"wp-block-cover__inner-container is-layout-flow wp-block-cover-is-layout-flow\">\n<div class=\"wp-block-group is-layout-flow wp-block-group-is-layout-flow\">\n<div style=\"height:80px\" aria-hidden=\"true\" class=\"wp-block-spacer\"><\/div>\n\n\n\n<div class=\"wp-block-columns are-vertically-aligned-center is-layout-flex wp-container-core-columns-is-layout-28f84493 wp-block-columns-is-layout-flex\">\n<div class=\"wp-block-column is-vertically-aligned-center is-layout-flow wp-block-column-is-layout-flow\" style=\"flex-basis:50%\">\n<h2 class=\"wp-block-heading has-text-align-left has-neve-text-color-color has-text-color\">Cr\u00e9er et d\u00e9ployer<\/h2>\n\n\n\n<p class=\"has-text-align-left has-neve-text-color-color has-text-color\">Nous comprenons les besoins de nos clients et les traduisons en un projet personnalis\u00e9 qui assurera leur succ\u00e8s. Nous essayons de concevoir pour chacun de nos clients une solution qui r\u00e9pond \u00e0 sa probl\u00e9matique sp\u00e9cifique et nous la construisons dans des technologies qui lui permettront d&rsquo;\u00e9voluer tout en l&rsquo;utilisant. <\/p>\n\n\n\n<div class=\"wp-block-buttons is-horizontal is-content-justification-left is-layout-flex wp-container-core-buttons-is-layout-20be11b6 wp-block-buttons-is-layout-flex\">\n<div class=\"wp-block-button is-style-primary\"><a class=\"wp-block-button__link wp-element-button\" href=\"https:\/\/innovapp.io\/services\/#implementation-services\">APPRENDRE ENCORE PLUS<\/a><\/div>\n<\/div>\n\n\n\n<div style=\"height:40px\" aria-hidden=\"true\" class=\"wp-block-spacer\"><\/div>\n<\/div>\n\n\n\n<div class=\"wp-block-column is-vertically-aligned-center is-layout-flow wp-block-column-is-layout-flow\" style=\"flex-basis:50%\">\n<figure class=\"wp-block-image size-large is-resized\"><img decoding=\"async\" width=\"819\" height=\"1024\" src=\"https:\/\/innovapp.io\/wp-content\/uploads\/2024\/08\/customer-retention-819x1024.png\" alt=\"Construction et d&#xE9;ploiement\" class=\"wp-image-1209\" style=\"width:480px\" srcset=\"https:\/\/innovapp.io\/wp-content\/uploads\/2024\/08\/customer-retention-819x1024.png 819w, https:\/\/innovapp.io\/wp-content\/uploads\/2024\/08\/customer-retention-240x300.png 240w, https:\/\/innovapp.io\/wp-content\/uploads\/2024\/08\/customer-retention-768x960.png 768w, https:\/\/innovapp.io\/wp-content\/uploads\/2024\/08\/customer-retention-1229x1536.png 1229w, https:\/\/innovapp.io\/wp-content\/uploads\/2024\/08\/customer-retention.png 1600w\" sizes=\"(max-width: 819px) 100vw, 819px\" \/><\/figure>\n<\/div>\n<\/div>\n\n\n\n<div style=\"height:40px\" aria-hidden=\"true\" class=\"wp-block-spacer\"><\/div>\n<\/div>\n<\/div><\/div>\n\n<div class=\"wp-block-cover alignfull\" style=\"min-height:600px;aspect-ratio:unset;\"><span aria-hidden=\"true\" class=\"wp-block-cover__background has-nv-dark-bg-background-color has-background-dim-100 has-background-dim\"><\/span><div class=\"wp-block-cover__inner-container is-layout-flow wp-block-cover-is-layout-flow\">\n<div class=\"wp-block-group is-layout-flow wp-block-group-is-layout-flow\">\n<div style=\"height:80px\" aria-hidden=\"true\" class=\"wp-block-spacer\"><\/div>\n\n\n\n<div class=\"wp-block-columns are-vertically-aligned-center is-layout-flex wp-container-core-columns-is-layout-28f84493 wp-block-columns-is-layout-flex\">\n<div class=\"wp-block-column is-vertically-aligned-center is-layout-flow wp-block-column-is-layout-flow\" style=\"flex-basis:50%\">\n<figure class=\"wp-block-image size-large is-resized\"><img decoding=\"async\" width=\"819\" height=\"1024\" src=\"https:\/\/innovapp.io\/wp-content\/uploads\/2024\/08\/product-launch-819x1024.png\" alt=\"Augmenter et optimiser\" class=\"wp-image-1218\" style=\"width:480px\" srcset=\"https:\/\/innovapp.io\/wp-content\/uploads\/2024\/08\/product-launch-819x1024.png 819w, https:\/\/innovapp.io\/wp-content\/uploads\/2024\/08\/product-launch-240x300.png 240w, https:\/\/innovapp.io\/wp-content\/uploads\/2024\/08\/product-launch-768x960.png 768w, https:\/\/innovapp.io\/wp-content\/uploads\/2024\/08\/product-launch-1229x1536.png 1229w, https:\/\/innovapp.io\/wp-content\/uploads\/2024\/08\/product-launch.png 1600w\" sizes=\"(max-width: 819px) 100vw, 819px\" \/><\/figure>\n<\/div>\n\n\n\n<div class=\"wp-block-column is-vertically-aligned-center is-layout-flow wp-block-column-is-layout-flow\" style=\"flex-basis:50%\">\n<div style=\"height:40px\" aria-hidden=\"true\" class=\"wp-block-spacer\"><\/div>\n\n\n\n<h2 class=\"wp-block-heading has-text-align-left has-nv-text-dark-bg-color has-text-color\">\u00c9voluer et optimiser<\/h2>\n\n\n\n<p class=\"has-text-align-left has-nv-text-dark-bg-color has-text-color\">Nous offrons \u00e0 nos clients une solution efficace et innovante qui leur assurera la r\u00e9alisation de r\u00e9sultats data-driven. Nous avons pour habitude de leur offrir un accompagnement continu afin de pouvoir tester, faire \u00e9voluer et optimiser la solution pour garantir une int\u00e9gration fluide et assurer son impact. <\/p>\n\n\n\n<div class=\"wp-block-buttons is-horizontal is-content-justification-left is-layout-flex wp-container-core-buttons-is-layout-20be11b6 wp-block-buttons-is-layout-flex\">\n<div class=\"wp-block-button is-style-primary\"><a class=\"wp-block-button__link wp-element-button\" href=\"https:\/\/innovapp.io\/services\/#managed-services\">APPRENDRE ENCORE PLUS<\/a><\/div>\n<\/div>\n<\/div>\n<\/div>\n\n\n\n<div style=\"height:50px\" aria-hidden=\"true\" class=\"wp-block-spacer\"><\/div>\n<\/div>\n<\/div><\/div>\n\n<div class=\"wp-block-cover alignfull\" style=\"min-height:600px;aspect-ratio:unset;\"><span aria-hidden=\"true\" class=\"wp-block-cover__background has-nv-site-bg-background-color has-background-dim-100 has-background-dim\"><\/span><div class=\"wp-block-cover__inner-container is-layout-flow wp-block-cover-is-layout-flow\">\n<div class=\"wp-block-group is-layout-flow wp-block-group-is-layout-flow\">\n<div style=\"height:80px\" aria-hidden=\"true\" class=\"wp-block-spacer\"><\/div>\n\n\n\n<h2 class=\"wp-block-heading has-text-align-center has-neve-text-color-color has-text-color\">Quelques partenaires qui nous ont fait confiance pour leur transformation digitale<\/h2>\n\n\n\n<div style=\"height:20px\" aria-hidden=\"true\" class=\"wp-block-spacer\"><\/div>\n\n\n\n<div class=\"wp-block-columns is-layout-flex wp-container-core-columns-is-layout-28f84493 wp-block-columns-is-layout-flex\">\n<div class=\"wp-block-column is-layout-flow wp-block-column-is-layout-flow\" style=\"flex-basis:100%\">\n<div class=\"wp-block-columns are-vertically-aligned-center is-layout-flex wp-container-core-columns-is-layout-28f84493 wp-block-columns-is-layout-flex\">\n<div class=\"wp-block-column is-vertically-aligned-center is-layout-flow wp-block-column-is-layout-flow\" style=\"flex-basis:50%\">\n<figure class=\"wp-block-image size-large\"><img decoding=\"async\" width=\"1024\" height=\"1024\" src=\"https:\/\/innovapp.io\/wp-content\/uploads\/2022\/01\/2-1024x1024.png\" alt=\"\" class=\"wp-image-761\" srcset=\"https:\/\/innovapp.io\/wp-content\/uploads\/2022\/01\/2-1024x1024.png 1024w, https:\/\/innovapp.io\/wp-content\/uploads\/2022\/01\/2-300x300.png 300w, https:\/\/innovapp.io\/wp-content\/uploads\/2022\/01\/2-150x150.png 150w, https:\/\/innovapp.io\/wp-content\/uploads\/2022\/01\/2-768x768.png 768w, https:\/\/innovapp.io\/wp-content\/uploads\/2022\/01\/2-1536x1536.png 1536w, https:\/\/innovapp.io\/wp-content\/uploads\/2022\/01\/2-2048x2048.png 2048w\" sizes=\"(max-width: 1024px) 100vw, 1024px\" \/><\/figure>\n\n\n\n<div style=\"height:40px\" aria-hidden=\"true\" class=\"wp-block-spacer\"><\/div>\n<\/div>\n\n\n\n<div class=\"wp-block-column is-vertically-aligned-center is-layout-flow wp-block-column-is-layout-flow\" style=\"flex-basis:50%\">\n<figure class=\"wp-block-image size-large\"><img decoding=\"async\" width=\"1024\" height=\"1024\" src=\"https:\/\/innovapp.io\/wp-content\/uploads\/2022\/03\/tatooinenomad-1024x1024.png\" alt=\"\" class=\"wp-image-1067\" srcset=\"https:\/\/innovapp.io\/wp-content\/uploads\/2022\/03\/tatooinenomad-1024x1024.png 1024w, https:\/\/innovapp.io\/wp-content\/uploads\/2022\/03\/tatooinenomad-300x300.png 300w, https:\/\/innovapp.io\/wp-content\/uploads\/2022\/03\/tatooinenomad-150x150.png 150w, https:\/\/innovapp.io\/wp-content\/uploads\/2022\/03\/tatooinenomad-768x768.png 768w, https:\/\/innovapp.io\/wp-content\/uploads\/2022\/03\/tatooinenomad-1536x1536.png 1536w, https:\/\/innovapp.io\/wp-content\/uploads\/2022\/03\/tatooinenomad-2048x2048.png 2048w, https:\/\/innovapp.io\/wp-content\/uploads\/2022\/03\/tatooinenomad-600x600.png 600w\" sizes=\"(max-width: 1024px) 100vw, 1024px\" \/><\/figure>\n\n\n\n<div style=\"height:40px\" aria-hidden=\"true\" class=\"wp-block-spacer\"><\/div>\n<\/div>\n<\/div>\n<\/div>\n<\/div>\n\n\n\n<div class=\"wp-block-columns is-layout-flex wp-container-core-columns-is-layout-28f84493 wp-block-columns-is-layout-flex\">\n<div class=\"wp-block-column is-layout-flow wp-block-column-is-layout-flow\">\n<div class=\"wp-block-buttons is-content-justification-center is-layout-flex wp-container-core-buttons-is-layout-a89b3969 wp-block-buttons-is-layout-flex\">\n<div class=\"wp-block-button has-custom-width wp-block-button__width-50\"><a class=\"wp-block-button__link wp-element-button\" href=\"https:\/\/innovapp.io\/our-work\/\">APPRENDRE ENCORE PLUS<\/a><\/div>\n<\/div>\n<\/div>\n<\/div>\n\n\n\n<div style=\"height:40px\" aria-hidden=\"true\" class=\"wp-block-spacer\"><\/div>\n<\/div>\n<\/div><\/div>\n\n<div class=\"wp-block-cover alignfull\" style=\"min-height:420px;aspect-ratio:unset;\"><span aria-hidden=\"true\" class=\"wp-block-cover__background has-nv-dark-bg-background-color has-background-dim-100 has-background-dim\"><\/span><div class=\"wp-block-cover__inner-container is-layout-flow wp-block-cover-is-layout-flow\">\n<div style=\"height:40px\" aria-hidden=\"true\" class=\"wp-block-spacer\"><\/div>\n\n\n\n<div style=\"height:80px\" aria-hidden=\"true\" class=\"wp-block-spacer\"><\/div>\n\n\n\n<div class=\"wp-block-columns is-layout-flex wp-container-core-columns-is-layout-28f84493 wp-block-columns-is-layout-flex\">\n<div class=\"wp-block-column is-vertically-aligned-center is-layout-flow wp-block-column-is-layout-flow\">\n<div class=\"wp-block-columns is-layout-flex wp-container-core-columns-is-layout-28f84493 wp-block-columns-is-layout-flex\">\n<div class=\"wp-block-column is-layout-flow wp-block-column-is-layout-flow\" style=\"flex-basis:66.66%\">\n<h2 class=\"wp-block-heading\">Les meilleures technologies pour offrir de meilleures performances, une meilleure s\u00e9curit\u00e9 et des co\u00fbts r\u00e9duits<\/h2>\n\n\n\n<p>Nous concevons et mettons en \u0153uvre des solutions num\u00e9riques en utilisant les bons outils qui rendent le Web plus rapide, plus s\u00e9curis\u00e9 et plus facile \u00e0 mettre \u00e0 l&rsquo;\u00e9chelle.<\/p>\n<\/div>\n\n\n\n<div class=\"wp-block-column is-layout-flow wp-block-column-is-layout-flow\" style=\"flex-basis:33.33%\">\n<figure class=\"wp-block-image size-large\"><img decoding=\"async\" width=\"1024\" height=\"1024\" src=\"https:\/\/innovapp.io\/wp-content\/uploads\/2022\/01\/jamstack-modern-technologies-1024x1024.png\" alt=\"Jamstack-technologies-modernes\" class=\"wp-image-693\" srcset=\"https:\/\/innovapp.io\/wp-content\/uploads\/2022\/01\/jamstack-modern-technologies-1024x1024.png 1024w, https:\/\/innovapp.io\/wp-content\/uploads\/2022\/01\/jamstack-modern-technologies-300x300.png 300w, https:\/\/innovapp.io\/wp-content\/uploads\/2022\/01\/jamstack-modern-technologies-150x150.png 150w, https:\/\/innovapp.io\/wp-content\/uploads\/2022\/01\/jamstack-modern-technologies-768x768.png 768w, https:\/\/innovapp.io\/wp-content\/uploads\/2022\/01\/jamstack-modern-technologies-1536x1536.png 1536w, https:\/\/innovapp.io\/wp-content\/uploads\/2022\/01\/jamstack-modern-technologies-2048x2048.png 2048w\" sizes=\"(max-width: 1024px) 100vw, 1024px\" \/><\/figure>\n<\/div>\n<\/div>\n<\/div>\n<\/div>\n\n\n\n<div style=\"height:80px\" aria-hidden=\"true\" class=\"wp-block-spacer\"><\/div>\n\n\n\n<div style=\"height:40px\" aria-hidden=\"true\" class=\"wp-block-spacer\"><\/div>\n<\/div><\/div>\n\n<div class=\"wp-block-cover alignfull\" style=\"min-height:300px;aspect-ratio:unset;\"><span aria-hidden=\"true\" class=\"wp-block-cover__background has-nv-light-bg-background-color has-background-dim-100 has-background-dim\"><\/span><div class=\"wp-block-cover__inner-container is-layout-flow wp-block-cover-is-layout-flow\">\n<div style=\"height:80px\" aria-hidden=\"true\" class=\"wp-block-spacer\"><\/div>\n\n\n\n<h2 class=\"wp-block-heading has-text-align-center has-neve-text-color-color has-text-color\">Vous avez un projet \u00e0 discuter ?<\/h2>\n\n\n\n<p class=\"has-text-align-center has-neve-text-color-color has-text-color\">Faites-nous part de vos ambitions et laissez-nous vous aider \u00e0 atteindre vos objectifs.  <\/p>\n\n\n\n<div class=\"wp-block-buttons is-horizontal is-content-justification-center is-layout-flex wp-container-core-buttons-is-layout-03627597 wp-block-buttons-is-layout-flex\">\n<div class=\"wp-block-button is-style-primary\"><a class=\"wp-block-button__link wp-element-button\" href=\"https:\/\/innovapp.io\/contact\/#contact-form\">Mettons-nous au travail<\/a><\/div>\n<\/div>\n\n\n\n<div style=\"height:80px\" aria-hidden=\"true\" class=\"wp-block-spacer\"><\/div>\n<\/div><\/div>\n","protected":false},"excerpt":{"rendered":"<p>Nous proposons un d\u00e9veloppement Web moderne de bout en bout pour les entreprises, les concepteurs et les agences soucieux de leur croissance. NOUS \u00c9COUTONS Nous pr\u00eatons attention au diagnostic d&rsquo;identification de toutes vos demandes. Ainsi, nous vous aidons \u00e0 d\u00e9couvrir de nouvelles opportunit\u00e9s de croissance. NOUS COMPRENONS Nous traduisons vos attentes en une solution sur mesure. Nous vous permettons de r\u00e9pondre \u00e0 vos aspirations et d\u2019obtenir le r\u00e9sultat souhait\u00e9. NOUS LIVRONS Nous croyons qu&rsquo;il faut aller plus loin. Nous offrons \u00e0 nos clients une assistance continue et un soutien \u00e0 la croissance avec des r\u00e9sultats bas\u00e9s sur les donn\u00e9es.<\/p>\n","protected":false},"author":1,"featured_media":0,"parent":0,"menu_order":0,"comment_status":"closed","ping_status":"closed","template":"","meta":{"footnotes":""},"class_list":["post-1278","page","type-page","status-publish","hentry"],"aioseo_notices":[],"_links":{"self":[{"href":"https:\/\/innovapp.io\/fr\/wp-json\/wp\/v2\/pages\/1278","targetHints":{"allow":["GET"]}}],"collection":[{"href":"https:\/\/innovapp.io\/fr\/wp-json\/wp\/v2\/pages"}],"about":[{"href":"https:\/\/innovapp.io\/fr\/wp-json\/wp\/v2\/types\/page"}],"author":[{"embeddable":true,"href":"https:\/\/innovapp.io\/fr\/wp-json\/wp\/v2\/users\/1"}],"replies":[{"embeddable":true,"href":"https:\/\/innovapp.io\/fr\/wp-json\/wp\/v2\/comments?post=1278"}],"version-history":[{"count":0,"href":"https:\/\/innovapp.io\/fr\/wp-json\/wp\/v2\/pages\/1278\/revisions"}],"wp:attachment":[{"href":"https:\/\/innovapp.io\/fr\/wp-json\/wp\/v2\/media?parent=1278"}],"curies":[{"name":"wp","href":"https:\/\/api.w.org\/{rel}","templated":true}]}}