{"id":1284,"date":"2024-09-21T01:20:01","date_gmt":"2024-09-21T01:20:01","guid":{"rendered":"https:\/\/innovapp.io\/travail\/"},"modified":"2024-10-06T22:01:59","modified_gmt":"2024-10-06T22:01:59","slug":"travail","status":"publish","type":"page","link":"https:\/\/innovapp.io\/fr\/travail\/","title":{"rendered":"Travail"},"content":{"rendered":"\n<div class=\"wp-block-columns alignwide are-vertically-aligned-top is-layout-flex wp-container-core-columns-is-layout-08c01c1c wp-block-columns-is-layout-flex\">\n<div class=\"wp-block-column is-vertically-aligned-top is-layout-flow wp-block-column-is-layout-flow\">\n<div class=\"wp-block-group wp-container-content-231d8afb is-vertical is-content-justification-left is-nowrap is-layout-flex wp-container-core-group-is-layout-d439c89b wp-block-group-is-layout-flex\" style=\"margin-top:0;margin-bottom:0\">\n<figure class=\"wp-block-image size-large wp-container-content-0733e5d0\"><img decoding=\"async\" width=\"1024\" height=\"1024\" src=\"https:\/\/innovapp.io\/wp-content\/uploads\/2022\/03\/luxurycode-1024x1024.png\" alt=\"\" class=\"wp-image-1061\" srcset=\"https:\/\/innovapp.io\/wp-content\/uploads\/2022\/03\/luxurycode-1024x1024.png 1024w, https:\/\/innovapp.io\/wp-content\/uploads\/2022\/03\/luxurycode-300x300.png 300w, https:\/\/innovapp.io\/wp-content\/uploads\/2022\/03\/luxurycode-150x150.png 150w, https:\/\/innovapp.io\/wp-content\/uploads\/2022\/03\/luxurycode-768x768.png 768w, https:\/\/innovapp.io\/wp-content\/uploads\/2022\/03\/luxurycode-1536x1536.png 1536w, https:\/\/innovapp.io\/wp-content\/uploads\/2022\/03\/luxurycode-2048x2048.png 2048w, https:\/\/innovapp.io\/wp-content\/uploads\/2022\/03\/luxurycode-600x600.png 600w\" sizes=\"(max-width: 1024px) 100vw, 1024px\" \/><\/figure>\n\n\n\n<div class=\"wp-block-group is-vertical is-nowrap is-layout-flex wp-container-core-group-is-layout-5280e479 wp-block-group-is-layout-flex\">\n<h2 class=\"wp-block-heading has-zeever-primary-color has-text-color has-link-color has-medium-font-size wp-elements-61ee7359342ad128cf9cd2405a2b5b86\">CODELUXURY &#8211; <strong>Shopify<\/strong><\/h2>\n\n\n\n<p class=\"has-zeever-primary-color has-text-color has-link-color has-normal-font-size wp-elements-7c99e647804e8c714d0d993c01e7e5d5\">CodeLuxury est une plateforme qui permet de vendre des stocks exc\u00e9dentaires de produits de mode de luxe haut de gamme tout en prot\u00e9geant l&rsquo;image de marque.<\/p>\n\n\n\n<p class=\"has-zeever-primary-color has-text-color has-link-color has-small-font-size wp-elements-0bf10408984aabfbcdaacb508cfd2206\">Secteur d&rsquo;activit\u00e9 : Commerce de d\u00e9tail et commerce \u00e9lectronique  <\/p>\n\n\n\n<p class=\"has-zeever-primary-color has-text-color has-link-color has-small-font-size wp-elements-8735f54155b1de247ee564b2c8ba4eb0\">Localisation : New York City, NY, USA<\/p>\n<\/div>\n<\/div>\n<\/div>\n\n\n\n<div class=\"wp-block-column is-vertically-aligned-top is-layout-flow wp-block-column-is-layout-flow\">\n<div class=\"wp-block-group wp-container-content-231d8afb is-vertical is-layout-flex wp-container-core-group-is-layout-05b43539 wp-block-group-is-layout-flex\" style=\"margin-top:0;margin-bottom:0\">\n<figure class=\"wp-block-image size-large\" style=\"font-size:14px\"><img decoding=\"async\" width=\"1024\" height=\"1024\" src=\"https:\/\/innovapp.io\/wp-content\/uploads\/2022\/03\/tatooinenomad-1024x1024.png\" alt=\"\" class=\"wp-image-1067\" srcset=\"https:\/\/innovapp.io\/wp-content\/uploads\/2022\/03\/tatooinenomad-1024x1024.png 1024w, https:\/\/innovapp.io\/wp-content\/uploads\/2022\/03\/tatooinenomad-300x300.png 300w, https:\/\/innovapp.io\/wp-content\/uploads\/2022\/03\/tatooinenomad-150x150.png 150w, https:\/\/innovapp.io\/wp-content\/uploads\/2022\/03\/tatooinenomad-768x768.png 768w, https:\/\/innovapp.io\/wp-content\/uploads\/2022\/03\/tatooinenomad-1536x1536.png 1536w, https:\/\/innovapp.io\/wp-content\/uploads\/2022\/03\/tatooinenomad-2048x2048.png 2048w, https:\/\/innovapp.io\/wp-content\/uploads\/2022\/03\/tatooinenomad-600x600.png 600w\" sizes=\"(max-width: 1024px) 100vw, 1024px\" \/><\/figure>\n\n\n\n<div class=\"wp-block-group is-vertical is-nowrap is-layout-flex wp-container-core-group-is-layout-5280e479 wp-block-group-is-layout-flex\">\n<h2 class=\"wp-block-heading has-zeever-primary-color has-text-color has-link-color has-medium-font-size wp-elements-b8bb300a196ef5597019ff8d6ed158a5\"><strong>Tatooine Nomad<\/strong> &#8211; Shopify<\/h2>\n\n\n\n<p class=\"has-normal-font-size\">Vente de mat\u00e9riel de randonn\u00e9e et de camping en plein air<\/p>\n\n\n\n<p class=\"has-zeever-primary-color has-text-color has-link-color wp-elements-4d4c8d49dbe8c0d794ff20b12d67bd4d\">Une boutique en ligne d\u00e9di\u00e9e \u00e0 l&rsquo;aventure en plein air. Ils offrent les meilleurs produits de camping, de randonn\u00e9e et de p\u00eache + les conseils d&rsquo;experts. <\/p>\n\n\n\n<p class=\"has-zeever-primary-color has-text-color has-link-color has-small-font-size wp-elements-dd983ef700662dee4bc577ec3f398f59\">Secteur : Commerce de d\u00e9tail et commerce \u00e9lectronique  <\/p>\n\n\n\n<p class=\"has-zeever-primary-color has-text-color has-link-color has-small-font-size wp-elements-dca5da0333501e2fde63a767ba888462\">Lieu : Montr\u00e9al, QC, Canada<\/p>\n<\/div>\n<\/div>\n<\/div>\n<\/div>\n\n<div class=\"guten-element guten-spacer guten-XxKjuG\"><\/div>\n\n<div class=\"wp-block-columns alignwide are-vertically-aligned-top is-layout-flex wp-container-core-columns-is-layout-08c01c1c wp-block-columns-is-layout-flex\">\n<div class=\"wp-block-column is-vertically-aligned-top is-layout-flow wp-block-column-is-layout-flow\">\n<div class=\"wp-block-group wp-container-content-231d8afb is-vertical is-content-justification-left is-nowrap is-layout-flex wp-container-core-group-is-layout-d439c89b wp-block-group-is-layout-flex\" style=\"margin-top:0;margin-bottom:0\">\n<figure class=\"wp-block-image size-large wp-container-content-0733e5d0\"><img decoding=\"async\" width=\"1024\" height=\"1024\" src=\"https:\/\/innovapp.io\/wp-content\/uploads\/2022\/03\/smartmanager-1024x1024.png\" alt=\"\" class=\"wp-image-1064\" srcset=\"https:\/\/innovapp.io\/wp-content\/uploads\/2022\/03\/smartmanager-1024x1024.png 1024w, https:\/\/innovapp.io\/wp-content\/uploads\/2022\/03\/smartmanager-300x300.png 300w, https:\/\/innovapp.io\/wp-content\/uploads\/2022\/03\/smartmanager-150x150.png 150w, https:\/\/innovapp.io\/wp-content\/uploads\/2022\/03\/smartmanager-768x768.png 768w, https:\/\/innovapp.io\/wp-content\/uploads\/2022\/03\/smartmanager-1536x1536.png 1536w, https:\/\/innovapp.io\/wp-content\/uploads\/2022\/03\/smartmanager-2048x2048.png 2048w, https:\/\/innovapp.io\/wp-content\/uploads\/2022\/03\/smartmanager-600x600.png 600w\" sizes=\"(max-width: 1024px) 100vw, 1024px\" \/><\/figure>\n\n\n\n<div class=\"wp-block-group is-vertical is-nowrap is-layout-flex wp-container-core-group-is-layout-5280e479 wp-block-group-is-layout-flex\">\n<h2 class=\"wp-block-heading has-zeever-primary-color has-text-color has-link-color has-medium-font-size wp-elements-a6bf6627ee161cbd1bea7cb509459722\">Application SaaS &#8211; PHP \/ MySQL<\/h2>\n\n\n\n<p class=\"has-zeever-primary-color has-text-color has-link-color wp-elements-b9c06e38f852e46e7f3f2bd9af28dd57\">\u00ab\u00a0Smartmanager\u00a0\u00bb assure une gestion plus efficace du portefeuille immobilier en rassemblant toutes les donn\u00e9es et connaissances critiques de tous les b\u00e2timents au sein d&rsquo;une m\u00eame plateforme collaborative facile \u00e0 utiliser.<\/p>\n\n\n\n<p class=\"has-zeever-primary-color has-text-color has-link-color has-small-font-size wp-elements-28a280a2404da3943f196644a1a2ab55\">Secteur d&rsquo;activit\u00e9 : Immobilier  <\/p>\n\n\n\n<p class=\"has-zeever-primary-color has-text-color has-link-color has-small-font-size wp-elements-b8de9e3a966029972afaf51511dc1730\">Lieu : Montr\u00e9al, QC, Canada<\/p>\n<\/div>\n<\/div>\n<\/div>\n\n\n\n<div class=\"wp-block-column is-vertically-aligned-top is-layout-flow wp-block-column-is-layout-flow\">\n<div class=\"wp-block-group wp-container-content-231d8afb is-vertical is-layout-flex wp-container-core-group-is-layout-05b43539 wp-block-group-is-layout-flex\" style=\"margin-top:0;margin-bottom:0\">\n<figure class=\"wp-block-image size-large\" style=\"font-size:14px\"><img decoding=\"async\" width=\"1024\" height=\"1024\" src=\"https:\/\/innovapp.io\/wp-content\/uploads\/2022\/03\/lane-1024x1024.png\" alt=\"\" class=\"wp-image-1058\" srcset=\"https:\/\/innovapp.io\/wp-content\/uploads\/2022\/03\/lane-1024x1024.png 1024w, https:\/\/innovapp.io\/wp-content\/uploads\/2022\/03\/lane-300x300.png 300w, https:\/\/innovapp.io\/wp-content\/uploads\/2022\/03\/lane-150x150.png 150w, https:\/\/innovapp.io\/wp-content\/uploads\/2022\/03\/lane-768x768.png 768w, https:\/\/innovapp.io\/wp-content\/uploads\/2022\/03\/lane-1536x1536.png 1536w, https:\/\/innovapp.io\/wp-content\/uploads\/2022\/03\/lane-2048x2048.png 2048w, https:\/\/innovapp.io\/wp-content\/uploads\/2022\/03\/lane-600x600.png 600w\" sizes=\"(max-width: 1024px) 100vw, 1024px\" \/><\/figure>\n\n\n\n<div class=\"wp-block-group is-vertical is-nowrap is-layout-flex wp-container-core-group-is-layout-5280e479 wp-block-group-is-layout-flex\">\n<h2 class=\"wp-block-heading has-zeever-primary-color has-text-color has-link-color has-medium-font-size wp-elements-d6af5318035ad4ddd8e0c84f5b3bae57\"><strong>LANE &#8211; <\/strong>Drupal<\/h2>\n\n\n\n<p class=\"has-zeever-primary-color has-text-color has-link-color wp-elements-46a9308b0dba35a67b3b96272eabeaab\">LANE est un cabinet d&rsquo;avocats sp\u00e9cialis\u00e9 dans le droit des affaires, le droit immobilier, le droit de la construction, le contentieux et la r\u00e9solution des conflits.<\/p>\n\n\n\n<p class=\"has-zeever-primary-color has-text-color has-link-color has-small-font-size wp-elements-82aeb59dd70ba940d707c3ee0f3f266c\">Secteur d&rsquo;activit\u00e9 : Services juridiques  <\/p>\n\n\n\n<p class=\"has-zeever-primary-color has-text-color has-link-color has-small-font-size wp-elements-b8de9e3a966029972afaf51511dc1730\">Lieu : Montr\u00e9al, QC, Canada<\/p>\n<\/div>\n<\/div>\n<\/div>\n<\/div>\n\n<div class=\"guten-element guten-spacer guten-XxKjuG\"><\/div>\n\n<div class=\"wp-block-columns alignwide are-vertically-aligned-top is-layout-flex wp-container-core-columns-is-layout-08c01c1c wp-block-columns-is-layout-flex\">\n<div class=\"wp-block-column is-vertically-aligned-top is-layout-flow wp-block-column-is-layout-flow\">\n<div class=\"wp-block-group wp-container-content-231d8afb is-vertical is-content-justification-left is-nowrap is-layout-flex wp-container-core-group-is-layout-d439c89b wp-block-group-is-layout-flex\" style=\"margin-top:0;margin-bottom:0\">\n<figure class=\"wp-block-image size-large wp-container-content-0733e5d0\"><img decoding=\"async\" width=\"1024\" height=\"1024\" src=\"https:\/\/innovapp.io\/wp-content\/uploads\/2022\/03\/flipdesign-1024x1024.png\" alt=\"\" class=\"wp-image-1055\" srcset=\"https:\/\/innovapp.io\/wp-content\/uploads\/2022\/03\/flipdesign-1024x1024.png 1024w, https:\/\/innovapp.io\/wp-content\/uploads\/2022\/03\/flipdesign-300x300.png 300w, https:\/\/innovapp.io\/wp-content\/uploads\/2022\/03\/flipdesign-150x150.png 150w, https:\/\/innovapp.io\/wp-content\/uploads\/2022\/03\/flipdesign-768x768.png 768w, https:\/\/innovapp.io\/wp-content\/uploads\/2022\/03\/flipdesign-1536x1536.png 1536w, https:\/\/innovapp.io\/wp-content\/uploads\/2022\/03\/flipdesign-2048x2048.png 2048w, https:\/\/innovapp.io\/wp-content\/uploads\/2022\/03\/flipdesign-600x600.png 600w\" sizes=\"(max-width: 1024px) 100vw, 1024px\" \/><\/figure>\n\n\n\n<div class=\"wp-block-group is-vertical is-nowrap is-layout-flex wp-container-core-group-is-layout-5280e479 wp-block-group-is-layout-flex\">\n<h2 class=\"wp-block-heading has-zeever-primary-color has-text-color has-link-color has-medium-font-size wp-elements-8ceacea979fc46246ea079096ae952fa\"><strong>Flip Design &#8211; WordPress + Woo Commerce<\/strong><\/h2>\n\n\n\n<p class=\"has-zeever-primary-color has-text-color has-link-color has-small-font-size wp-elements-69c22d1c5049486a02eda1661cc1baf1\">Beaucoup de demandes et chaque \u00e9cole souhaite un design sp\u00e9cifique, donc avoir un espace num\u00e9rique o\u00f9 assurer la personnalisation est tr\u00e8s important pour faciliter le parcours client et am\u00e9liorer l&rsquo;achat.<\/p>\n\n\n\n<p class=\"has-zeever-primary-color has-text-color has-link-color has-small-font-size wp-elements-0bf10408984aabfbcdaacb508cfd2206\">Secteur d&rsquo;activit\u00e9 : Commerce de d\u00e9tail et commerce \u00e9lectronique  <\/p>\n\n\n\n<p class=\"has-zeever-primary-color has-text-color has-link-color has-small-font-size wp-elements-b8de9e3a966029972afaf51511dc1730\">Lieu : Montr\u00e9al, QC, Canada<\/p>\n<\/div>\n<\/div>\n<\/div>\n\n\n\n<div class=\"wp-block-column is-vertically-aligned-top is-layout-flow wp-block-column-is-layout-flow\">\n<div class=\"wp-block-group wp-container-content-231d8afb is-vertical is-layout-flex wp-container-core-group-is-layout-05b43539 wp-block-group-is-layout-flex\" style=\"margin-top:0;margin-bottom:0\">\n<figure class=\"wp-block-image size-large\" style=\"font-size:14px\"><img decoding=\"async\" width=\"1024\" height=\"1024\" src=\"https:\/\/innovapp.io\/wp-content\/uploads\/2022\/03\/ebox-1024x1024.png\" alt=\"\" class=\"wp-image-1046\" srcset=\"https:\/\/innovapp.io\/wp-content\/uploads\/2022\/03\/ebox-1024x1024.png 1024w, https:\/\/innovapp.io\/wp-content\/uploads\/2022\/03\/ebox-300x300.png 300w, https:\/\/innovapp.io\/wp-content\/uploads\/2022\/03\/ebox-150x150.png 150w, https:\/\/innovapp.io\/wp-content\/uploads\/2022\/03\/ebox-768x768.png 768w, https:\/\/innovapp.io\/wp-content\/uploads\/2022\/03\/ebox-1536x1536.png 1536w, https:\/\/innovapp.io\/wp-content\/uploads\/2022\/03\/ebox-2048x2048.png 2048w, https:\/\/innovapp.io\/wp-content\/uploads\/2022\/03\/ebox-600x600.png 600w\" sizes=\"(max-width: 1024px) 100vw, 1024px\" \/><\/figure>\n\n\n\n<div class=\"wp-block-group is-vertical is-nowrap is-layout-flex wp-container-core-group-is-layout-5280e479 wp-block-group-is-layout-flex\">\n<h2 class=\"wp-block-heading has-zeever-primary-color has-text-color has-link-color has-medium-font-size wp-elements-60eea8fe516f618b21ad6fff5f709b59\"><strong>EBOX &#8211; WordPress<\/strong><\/h2>\n\n\n\n<p class=\"has-zeever-primary-color has-text-color has-link-color has-small-font-size wp-elements-82fbb43998d2560be6c3c750441a521a\">Portail Web qui pr\u00e9sente les services d&rsquo;ebox et met en valeur leurs produits. Ce portail simplifie l&rsquo;exp\u00e9rience utilisateur et facilite le processus de souscription pour les clients. <\/p>\n\n\n\n<p class=\"has-zeever-primary-color has-text-color has-link-color has-small-font-size wp-elements-ee65bd3e2e50617d29aa57579fa457a8\">Industrie : T\u00e9l\u00e9communications<\/p>\n\n\n\n<p class=\"has-zeever-primary-color has-text-color has-link-color has-small-font-size wp-elements-b8de9e3a966029972afaf51511dc1730\">Lieu : Montr\u00e9al, QC, Canada<\/p>\n<\/div>\n<\/div>\n<\/div>\n<\/div>\n\n<div class=\"guten-element guten-spacer guten-XxKjuG\"><\/div>\n\n<div class=\"wp-block-columns alignfull is-layout-flex wp-container-core-columns-is-layout-28f84493 wp-block-columns-is-layout-flex\">\n<div class=\"wp-block-column is-layout-flow wp-block-column-is-layout-flow\" style=\"flex-basis:50%\">\n<figure class=\"wp-block-image\"><img decoding=\"async\" width=\"2160\" height=\"2160\" src=\"https:\/\/innovapp.io\/wp-content\/uploads\/2022\/03\/edc.png\" alt=\"\" class=\"wp-image-1049\" srcset=\"https:\/\/innovapp.io\/wp-content\/uploads\/2022\/03\/edc.png 2160w, https:\/\/innovapp.io\/wp-content\/uploads\/2022\/03\/edc-300x300.png 300w, https:\/\/innovapp.io\/wp-content\/uploads\/2022\/03\/edc-1024x1024.png 1024w, https:\/\/innovapp.io\/wp-content\/uploads\/2022\/03\/edc-150x150.png 150w, https:\/\/innovapp.io\/wp-content\/uploads\/2022\/03\/edc-768x768.png 768w, https:\/\/innovapp.io\/wp-content\/uploads\/2022\/03\/edc-1536x1536.png 1536w, https:\/\/innovapp.io\/wp-content\/uploads\/2022\/03\/edc-2048x2048.png 2048w, https:\/\/innovapp.io\/wp-content\/uploads\/2022\/03\/edc-600x600.png 600w\" sizes=\"(max-width: 2160px) 100vw, 2160px\" \/><\/figure>\n<\/div>\n\n\n\n<div class=\"wp-block-column is-vertically-aligned-center is-layout-flow wp-block-column-is-layout-flow\" style=\"padding-top:1em;padding-right:1em;padding-bottom:1em;padding-left:1em\">\n<div class=\"wp-block-columns is-layout-flex wp-container-core-columns-is-layout-f23f2cb8 wp-block-columns-is-layout-flex\" style=\"margin-top:0;margin-bottom:0;padding-top:0;padding-bottom:0\">\n<div class=\"wp-block-column is-layout-flow wp-block-column-is-layout-flow\">\n<h2 class=\"wp-block-heading has-zeever-primary-color has-text-color has-link-color has-normal-font-size wp-elements-984f2498b444d13feadbf03a4af642c7\">\u00c9cole de danse contemporaine de Montr\u00e9al  <\/h2>\n\n\n\n<p class=\"has-zeever-primary-color has-text-color has-link-color has-small-font-size wp-elements-0ed030d5ef855d8dcd026a28b31e2bd4\" style=\"line-height:1.6\">Sp\u00e9cialis\u00e9e dans la formation en danse contemporaine, l&rsquo;\u00c9cole de danse contemporaine de Montr\u00e9al (EDCM) s&rsquo;est positionn\u00e9e comme un centre d&rsquo;excellence dans la communaut\u00e9 canadienne des arts de la sc\u00e8ne.<\/p>\n\n\n\n<p class=\"has-zeever-primary-color has-text-color has-link-color has-small-font-size wp-elements-9bf80e568c533429eeb07e5784a325d3\"><strong>Secteur d&rsquo;activit\u00e9 : \u00c9ducation | Lieu : Montr\u00e9al, QC, Canada<\/strong><\/p>\n<\/div>\n<\/div>\n<\/div>\n<\/div>\n","protected":false},"excerpt":{"rendered":"<p>CODELUXURY &#8211; Shopify CodeLuxury est une plateforme qui permet de vendre des stocks exc\u00e9dentaires de produits de mode de luxe haut de gamme tout en prot\u00e9geant l&rsquo;image de marque. Secteur d&rsquo;activit\u00e9 : Commerce de d\u00e9tail et commerce \u00e9lectronique Localisation : New York City, NY, USA Tatooine Nomad &#8211; Shopify Vente de mat\u00e9riel de randonn\u00e9e et de camping en plein air Une boutique en ligne d\u00e9di\u00e9e \u00e0 l&rsquo;aventure en plein air. Ils offrent les meilleurs produits de camping, de randonn\u00e9e et de p\u00eache + les conseils d&rsquo;experts. Secteur : Commerce de d\u00e9tail et commerce \u00e9lectronique Lieu : Montr\u00e9al, QC, Canada Application<\/p>\n","protected":false},"author":1,"featured_media":0,"parent":0,"menu_order":4,"comment_status":"closed","ping_status":"closed","template":"","meta":{"footnotes":""},"class_list":["post-1284","page","type-page","status-publish","hentry"],"aioseo_notices":[],"_links":{"self":[{"href":"https:\/\/innovapp.io\/fr\/wp-json\/wp\/v2\/pages\/1284","targetHints":{"allow":["GET"]}}],"collection":[{"href":"https:\/\/innovapp.io\/fr\/wp-json\/wp\/v2\/pages"}],"about":[{"href":"https:\/\/innovapp.io\/fr\/wp-json\/wp\/v2\/types\/page"}],"author":[{"embeddable":true,"href":"https:\/\/innovapp.io\/fr\/wp-json\/wp\/v2\/users\/1"}],"replies":[{"embeddable":true,"href":"https:\/\/innovapp.io\/fr\/wp-json\/wp\/v2\/comments?post=1284"}],"version-history":[{"count":0,"href":"https:\/\/innovapp.io\/fr\/wp-json\/wp\/v2\/pages\/1284\/revisions"}],"wp:attachment":[{"href":"https:\/\/innovapp.io\/fr\/wp-json\/wp\/v2\/media?parent=1284"}],"curies":[{"name":"wp","href":"https:\/\/api.w.org\/{rel}","templated":true}]}}