{"id":1572,"date":"2024-10-06T22:01:55","date_gmt":"2024-10-06T22:01:55","guid":{"rendered":"https:\/\/innovapp.io\/carrieres\/"},"modified":"2024-10-07T12:20:47","modified_gmt":"2024-10-07T12:20:47","slug":"carrieres","status":"publish","type":"page","link":"https:\/\/innovapp.io\/fr\/carrieres\/","title":{"rendered":"Carri\u00e8res"},"content":{"rendered":"\n<div class=\"section-wrapper\" data-id=\"mZZVCs\"><section class=\"wp-block-gutenverse-section guten-element guten-section guten-mZZVCs layout-boxed align-stretch\"><div class=\"guten-container guten-column-gap-default\">\n<div class=\"wp-block-gutenverse-column guten-element guten-column guten-XTXkkE\"><div class=\"guten-column-wrapper\" data-id=\"XTXkkE\">\n<h1 class=\"wp-block-heading is-style-lineseparator has-zeever-primary-color has-text-color has-link-color wp-elements-a5e13cb724feaa2057811ae6b7d8df61\">Tous les postes ouverts<\/h1>\n<\/div><\/div>\n\n\n\n<div class=\"wp-block-gutenverse-column guten-element guten-column guten-9BPDS0\"><div class=\"guten-column-wrapper\" data-id=\"9BPDS0\"><\/div><\/div>\n<\/div><\/section><\/div>\n\n<div class=\"section-wrapper\" data-id=\"2Viie6\"><section class=\"wp-block-gutenverse-section guten-element guten-section guten-2Viie6 layout-boxed align-stretch\"><div class=\"guten-container guten-column-gap-default\">\n<div class=\"wp-block-gutenverse-column guten-element guten-column guten-Okxkgk\"><div class=\"guten-column-wrapper\" data-id=\"Okxkgk\">\n<p class=\"has-primary-font-family has-normal-font-size\">Rejoignez-nous et aidez-nous \u00e0 construire une famille \u00e0 laquelle nous sommes tous fiers d&rsquo;appartenir.<\/p>\n<\/div><\/div>\n<\/div><\/section><\/div>\n\t<div class=\"jobs-none-container\">\n\t\t<p>We currently have no job openings! You can always send your details to hello@innovapp.io<\/p>\n\t<\/div>\n\t\n\n<div class=\"section-wrapper\" data-id=\"Dprc0W\"><section class=\"wp-block-gutenverse-section guten-element guten-section guten-Dprc0W layout-boxed align-stretch\"><div class=\"guten-container guten-column-gap-default\">\n<div class=\"wp-block-gutenverse-column guten-element guten-column guten-qtQQoP\"><div class=\"guten-column-wrapper\" data-id=\"qtQQoP\">\n<div class=\"section-wrapper\" data-id=\"R2vEQo\"><section class=\"wp-block-gutenverse-section guten-element guten-section guten-R2vEQo layout-boxed align-stretch\"><div class=\"guten-container guten-column-gap-no\">\n<div class=\"wp-block-gutenverse-column guten-element guten-column guten-yemuXw animated guten-element-hide desktop-fadeInLeft\"><div class=\"guten-column-wrapper\" data-id=\"yemuXw\">\n<div class=\"guten-element guten-spacer guten-ZGLGKD\"><\/div>\n<\/div><\/div>\n\n\n\n<div class=\"wp-block-gutenverse-column guten-element guten-column guten-0s9jda\"><div class=\"guten-column-wrapper\" data-id=\"0s9jda\">\n<div class=\"guten-element guten-advanced-heading guten-Pka9D3 animated guten-element-hide desktop-fadeInRight\"><div class=\"heading-section \"><div class=\"heading-line before\"><\/div><h2 class=\"heading-title\"><span class=\"heading-title\">Vous avez des questions ?<\/span><span class=\"heading-focus\"><\/span><\/h2><\/div><span class=\"heading-subtitle\">Nous avons des r\u00e9ponses !<\/span><\/div>\n\n\n\n<div class=\"guten-element gutenverse-text-editor guten-RUspjG\"><div class=\"text-content-inner\">\n<p class=\"has-primary-font-family has-normal-font-size\">D\u00e9couvrez les questions les plus fr\u00e9quemment pos\u00e9es par les candidats pour en savoir plus sur notre processus d&#8217;embauche, notre environnement de travail et ce \u00e0 quoi vous pouvez vous attendre en rejoignant notre \u00e9quipe.<\/p>\n<\/div><\/div>\n\n\n\n<div class=\"guten-element guten-accordions guten-raSF2X\">\n<div class=\"accordion-item guten-RBx4lL\"><div class=\"accordion-heading\"><span class=\"accordion-text\">What happens after I submit my application?<\/span><div class=\"accordion-icon\"><span class=\"accordion-icon-open\"><i class=\"fas fa-chevron-up\"><\/i><\/span><span class=\"accordion-icon-closed\"><i class=\"fas fa-chevron-down\"><\/i><\/span><\/div><\/div><div class=\"accordion-body\"><div class=\"accordion-content\">\n<p class=\"has-primary-font-family\">Apr\u00e8s avoir envoy\u00e9 votre candidature, notre \u00e9quipe de recrutement examinera votre profil.\nSi vos qualifications correspondent \u00e0 nos besoins, nous vous contacterons pour planifier un premier entretien.\nM\u00eame si nous ne vous contactons pas imm\u00e9diatement, nous conserverons vos informations en vue d&rsquo;opportunit\u00e9s futures.  <\/p>\n<\/div><\/div><\/div>\n\n\n\n<div class=\"accordion-item guten-t763XC\"><div class=\"accordion-heading\"><span class=\"accordion-text\"><meta charset=\"utf-8\">What does the hiring process look like?<\/span><div class=\"accordion-icon\"><span class=\"accordion-icon-open\"><i class=\"fas fa-chevron-up\"><\/i><\/span><span class=\"accordion-icon-closed\"><i class=\"fas fa-chevron-down\"><\/i><\/span><\/div><\/div><div class=\"accordion-body\"><div class=\"accordion-content\">\n<p class=\"has-primary-font-family\"><meta charset=\"utf-8\"\/>Notre processus de recrutement comprend g\u00e9n\u00e9ralement un premier entretien avec un recruteur, suivi d&rsquo;un ou plusieurs entretiens (pas plus de deux) avec le responsable du recrutement et les membres de l&rsquo;\u00e9quipe.\nIl peut vous \u00eatre demand\u00e9 de compl\u00e9ter une \u00e9valuation des comp\u00e9tences en fonction du poste.\nNous nous effor\u00e7ons de rendre le processus aussi fluide et transparent que possible.  <\/p>\n<\/div><\/div><\/div>\n\n\n\n<div class=\"accordion-item guten-W3QcNn\"><div class=\"accordion-heading\"><span class=\"accordion-text\">Is remote work an option?<\/span><div class=\"accordion-icon\"><span class=\"accordion-icon-open\"><i class=\"fas fa-chevron-up\"><\/i><\/span><span class=\"accordion-icon-closed\"><i class=\"fas fa-chevron-down\"><\/i><\/span><\/div><\/div><div class=\"accordion-body\"><div class=\"accordion-content\">\n<p class=\"has-primary-font-family\"><meta charset=\"utf-8\"\/>Oui, un grand nombre de nos postes offrent des possibilit\u00e9s de travail flexible ou enti\u00e8rement \u00e0 distance, en fonction du poste et de l&rsquo;\u00e9quipe.\nNous croyons en un environnement de travail qui concilie productivit\u00e9 et flexibilit\u00e9. <\/p>\n<\/div><\/div><\/div>\n\n\n\n<div class=\"accordion-item guten-7Sz0mj\"><div class=\"accordion-heading\"><span class=\"accordion-text\">What benefits does Innovapp Consulting offer?<\/span><div class=\"accordion-icon\"><span class=\"accordion-icon-open\"><i class=\"fas fa-chevron-up\"><\/i><\/span><span class=\"accordion-icon-closed\"><i class=\"fas fa-chevron-down\"><\/i><\/span><\/div><\/div><div class=\"accordion-body\"><div class=\"accordion-content\">\n<p class=\"has-primary-font-family\"><meta charset=\"utf-8\"\/>Nous offrons un ensemble d&rsquo;avantages comp\u00e9titifs, notamment une couverture m\u00e9dicale et dentaire, des modalit\u00e9s de travail flexibles, des cong\u00e9s pay\u00e9s et des possibilit\u00e9s de d\u00e9veloppement professionnel.\nNous nous engageons \u00e0 soutenir le bien-\u00eatre et l&rsquo;\u00e9volution de carri\u00e8re de nos employ\u00e9s. <\/p>\n<\/div><\/div><\/div>\n\n\n\n<div class=\"accordion-item guten-mCEG5F\"><div class=\"accordion-heading\"><span class=\"accordion-text\">What is the company culture like ?<\/span><div class=\"accordion-icon\"><span class=\"accordion-icon-open\"><i class=\"fas fa-chevron-up\"><\/i><\/span><span class=\"accordion-icon-closed\"><i class=\"fas fa-chevron-down\"><\/i><\/span><\/div><\/div><div class=\"accordion-body\"><div class=\"accordion-content\">\n<p class=\"has-primary-font-family\"><meta charset=\"utf-8\"\/>Chez Innovapp Consulting, nous favorisons une culture de collaboration, d&rsquo;int\u00e9gration et d&rsquo;innovation.\nNotre \u00e9quipe est diversifi\u00e9e et passionn\u00e9e par l&rsquo;utilisation de la technologie pour r\u00e9soudre des probl\u00e8mes concrets.\nNous encourageons la communication ouverte, l&rsquo;apprentissage continu et un bon \u00e9quilibre entre vie professionnelle et vie priv\u00e9e.  <\/p>\n<\/div><\/div><\/div>\n<\/div>\n<\/div><\/div>\n<\/div><\/section><\/div>\n<\/div><\/div>\n<\/div><\/section><\/div>\n\n<div class=\"section-wrapper\" data-id=\"6l7SGa\"><section class=\"wp-block-gutenverse-section guten-element guten-section guten-6l7SGa layout-boxed align-stretch\"><div class=\"guten-container guten-column-gap-default\">\n<div class=\"wp-block-gutenverse-column guten-element guten-column guten-z0yklt\"><div class=\"guten-column-wrapper\" data-id=\"z0yklt\">\n<h2 class=\"wp-block-gutenverse-heading guten-element guten-W2Su1I\">Vous avez l&rsquo;impression d&rsquo;appartenir \u00e0 ce lieu ?<\/h2>\n\n\n\n<p class=\"has-primary-font-family has-normal-font-size\">Notre objectif est de vous aider \u00e0 progresser, o\u00f9 que vous en soyez dans votre carri\u00e8re.\nSi vous \u00eates pr\u00eat \u00e0 vous \u00e9panouir dans un environnement \u00e9quilibr\u00e9 et positif, envoyez-nous votre CV et construisons ensemble quelque chose de grand ! <\/p>\n\n\n\n<div class=\"section-wrapper\" data-id=\"KisIz4\"><section class=\"wp-block-gutenverse-section guten-element guten-section guten-KisIz4 layout-boxed align-stretch\"><div class=\"guten-container guten-column-gap-default\">\n<div class=\"wp-block-gutenverse-column guten-element guten-column guten-B8YlTJ\"><div class=\"guten-column-wrapper\" data-id=\"B8YlTJ\">\n<div class=\"wp-block-buttons is-layout-flex wp-block-buttons-is-layout-flex\">\n<div class=\"wp-block-button is-style-custombuttonborder3\"><a class=\"wp-block-button__link has-zeever-secondary-background-color has-background wp-element-button\">Rejoignez notre \u00e9quipe \u2192<\/a><\/div>\n<\/div>\n<\/div><\/div>\n<\/div><\/section><\/div>\n<\/div><\/div>\n\n\n\n<div class=\"wp-block-gutenverse-column guten-element guten-column guten-iixlI1\"><div class=\"guten-column-wrapper\" data-id=\"iixlI1\">\n<div class=\"wp-block-gutenverse-image guten-element guten-image guten-Qla2O3\"><div class=\"guten-image-wrapper\"><img decoding=\"async\" class=\"gutenverse-image-box-filled\" src=\"https:\/\/innovapp.io\/wp-content\/uploads\/2021\/12\/priscilla-du-preez-nF8xhLMmg0c-unsplash-1.jpg\" height=\"1600\" width=\"2400\"><\/div><\/div>\n<\/div><\/div>\n<\/div><\/section><\/div>\n","protected":false},"excerpt":{"rendered":"","protected":false},"author":1,"featured_media":0,"parent":0,"menu_order":7,"comment_status":"closed","ping_status":"closed","template":"","meta":{"footnotes":""},"class_list":["post-1572","page","type-page","status-publish","hentry"],"aioseo_notices":[],"_links":{"self":[{"href":"https:\/\/innovapp.io\/fr\/wp-json\/wp\/v2\/pages\/1572","targetHints":{"allow":["GET"]}}],"collection":[{"href":"https:\/\/innovapp.io\/fr\/wp-json\/wp\/v2\/pages"}],"about":[{"href":"https:\/\/innovapp.io\/fr\/wp-json\/wp\/v2\/types\/page"}],"author":[{"embeddable":true,"href":"https:\/\/innovapp.io\/fr\/wp-json\/wp\/v2\/users\/1"}],"replies":[{"embeddable":true,"href":"https:\/\/innovapp.io\/fr\/wp-json\/wp\/v2\/comments?post=1572"}],"version-history":[{"count":0,"href":"https:\/\/innovapp.io\/fr\/wp-json\/wp\/v2\/pages\/1572\/revisions"}],"wp:attachment":[{"href":"https:\/\/innovapp.io\/fr\/wp-json\/wp\/v2\/media?parent=1572"}],"curies":[{"name":"wp","href":"https:\/\/api.w.org\/{rel}","templated":true}]}}